{"id":10211,"date":"2025-11-27T12:00:51","date_gmt":"2025-11-27T12:00:51","guid":{"rendered":"https:\/\/mlg.co.mz\/?post_type=product&#038;p=10211"},"modified":"2025-12-14T18:49:04","modified_gmt":"2025-12-14T18:49:04","slug":"10211","status":"publish","type":"product","link":"https:\/\/mlg.co.mz\/index.php\/product\/10211\/","title":{"rendered":"Smartwatch CMF By Nothing Watch 3 Pro"},"content":{"rendered":"<h3 class=\"font-m bold h-mb-1\" data-v-31649d88=\"\">Smartwatch CMF By Nothing Watch 3 Pro<\/h3>\n<h3 class=\"font-m bold h-mb-1\" data-v-31649d88=\"\">Tecido Amoled 1,43 Gps Pulseira Dupla Bateria 13 Dias Laranja<\/h3>\n<div class=\"rich-text-wrapper\" data-v-7c1430d0=\"\" data-v-31649d88=\"\">\n<div class=\"ql-container ql-snow\" data-v-7c1430d0=\"\">\n<div class=\"ql-editor\" data-v-7c1430d0=\"\">\n<div data-v-7c1430d0=\"\">\n<p>Otimize seu ritmo di\u00e1rio com o Smartwatch CMF by Nothing Watch 3 Pro precis\u00e3o esportiva, monitoramento de sa\u00fade e experi\u00eancia AI no seu pulso. Caracter\u00edsticas do Smartwatch CMF by Nothing Watch 3 Pro Monitoramento de sa\u00fade avan\u00e7ado.<\/p>\n<\/div>\n<\/div>\n<\/div>\n<\/div>\n","protected":false},"excerpt":{"rendered":"<p>Smartwatch CMF By Nothing Watch 3 Pro Tecido Amoled 1,43 Gps Pulseira Dupla Bateria 13 Dias Laranja Otimize seu ritmo di\u00e1rio com o Smartwatch CMF by Nothing Watch 3 Pro precis\u00e3o esportiva, monitoramento de sa\u00fade e experi\u00eancia AI no seu pulso. Caracter\u00edsticas do Smartwatch CMF by Nothing Watch 3 Pro Monitoramento de sa\u00fade avan\u00e7ado.<\/p>\n","protected":false},"featured_media":10231,"comment_status":"open","ping_status":"closed","template":"","meta":[],"product_brand":[],"product_cat":[189],"product_tag":[],"class_list":{"0":"post-10211","1":"product","2":"type-product","3":"status-publish","4":"has-post-thumbnail","6":"product_cat-cat-smartwatch","8":"first","9":"instock","10":"shipping-taxable","11":"purchasable","12":"product-type-simple"},"_links":{"self":[{"href":"https:\/\/mlg.co.mz\/index.php\/wp-json\/wp\/v2\/product\/10211","targetHints":{"allow":["GET"]}}],"collection":[{"href":"https:\/\/mlg.co.mz\/index.php\/wp-json\/wp\/v2\/product"}],"about":[{"href":"https:\/\/mlg.co.mz\/index.php\/wp-json\/wp\/v2\/types\/product"}],"replies":[{"embeddable":true,"href":"https:\/\/mlg.co.mz\/index.php\/wp-json\/wp\/v2\/comments?post=10211"}],"wp:featuredmedia":[{"embeddable":true,"href":"https:\/\/mlg.co.mz\/index.php\/wp-json\/wp\/v2\/media\/10231"}],"wp:attachment":[{"href":"https:\/\/mlg.co.mz\/index.php\/wp-json\/wp\/v2\/media?parent=10211"}],"wp:term":[{"taxonomy":"product_brand","embeddable":true,"href":"https:\/\/mlg.co.mz\/index.php\/wp-json\/wp\/v2\/product_brand?post=10211"},{"taxonomy":"product_cat","embeddable":true,"href":"https:\/\/mlg.co.mz\/index.php\/wp-json\/wp\/v2\/product_cat?post=10211"},{"taxonomy":"product_tag","embeddable":true,"href":"https:\/\/mlg.co.mz\/index.php\/wp-json\/wp\/v2\/product_tag?post=10211"}],"curies":[{"name":"wp","href":"https:\/\/api.w.org\/{rel}","templated":true}]}}