{"id":10241,"date":"2025-11-27T12:28:59","date_gmt":"2025-11-27T12:28:59","guid":{"rendered":"https:\/\/mlg.co.mz\/?post_type=product&#038;p=10241"},"modified":"2025-11-27T12:28:59","modified_gmt":"2025-11-27T12:28:59","slug":"anel-inteligente-yesido-io32","status":"publish","type":"product","link":"https:\/\/mlg.co.mz\/index.php\/product\/anel-inteligente-yesido-io32\/","title":{"rendered":"Anel Inteligente Yesido IO32"},"content":{"rendered":"<h2 data-start=\"64\" data-end=\"108\"><strong data-start=\"67\" data-end=\"108\">Anel Inteligente Yesido IO32\u00a0<\/strong><\/h2>\n<ul>\n<li>Monitoramento 24h<\/li>\n<li>Rastreador de calorias, atividades e sono<\/li>\n<li>Monitor card\u00edaco<\/li>\n<li>Gest\u00e3o menstrual<\/li>\n<li>Controle via aplicativo<\/li>\n<li>Imperme\u00e1vel IPX-6 (at\u00e9 50 m)<\/li>\n<li>Material: Liga de alum\u00ednio + resina<\/li>\n<li>Chip: Bluexmicrorf03<\/li>\n<li>Bateria: 15 mAh \/ 18 mAh<\/li>\n<li>Carregamento magn\u00e9tico<\/li>\n<li>Peso: 8 g<\/li>\n<li>Modelo: IO32 (R06)<\/li>\n<\/ul>\n","protected":false},"excerpt":{"rendered":"<p>Anel Inteligente Yesido IO32\u00a0 Monitoramento 24h Rastreador de calorias, atividades e sono Monitor card\u00edaco Gest\u00e3o menstrual Controle via aplicativo Imperme\u00e1vel IPX-6 (at\u00e9 50 m) Material: Liga de alum\u00ednio + resina Chip: Bluexmicrorf03 Bateria: 15 mAh \/ 18 mAh Carregamento magn\u00e9tico Peso: 8 g Modelo: IO32 (R06)<\/p>\n","protected":false},"featured_media":10238,"comment_status":"open","ping_status":"closed","template":"","meta":[],"product_brand":[],"product_cat":[175],"product_tag":[],"class_list":{"0":"post-10241","1":"product","2":"type-product","3":"status-publish","4":"has-post-thumbnail","6":"product_cat-cat-rings","8":"first","9":"instock","10":"shipping-taxable","11":"purchasable","12":"product-type-simple"},"_links":{"self":[{"href":"https:\/\/mlg.co.mz\/index.php\/wp-json\/wp\/v2\/product\/10241","targetHints":{"allow":["GET"]}}],"collection":[{"href":"https:\/\/mlg.co.mz\/index.php\/wp-json\/wp\/v2\/product"}],"about":[{"href":"https:\/\/mlg.co.mz\/index.php\/wp-json\/wp\/v2\/types\/product"}],"replies":[{"embeddable":true,"href":"https:\/\/mlg.co.mz\/index.php\/wp-json\/wp\/v2\/comments?post=10241"}],"wp:featuredmedia":[{"embeddable":true,"href":"https:\/\/mlg.co.mz\/index.php\/wp-json\/wp\/v2\/media\/10238"}],"wp:attachment":[{"href":"https:\/\/mlg.co.mz\/index.php\/wp-json\/wp\/v2\/media?parent=10241"}],"wp:term":[{"taxonomy":"product_brand","embeddable":true,"href":"https:\/\/mlg.co.mz\/index.php\/wp-json\/wp\/v2\/product_brand?post=10241"},{"taxonomy":"product_cat","embeddable":true,"href":"https:\/\/mlg.co.mz\/index.php\/wp-json\/wp\/v2\/product_cat?post=10241"},{"taxonomy":"product_tag","embeddable":true,"href":"https:\/\/mlg.co.mz\/index.php\/wp-json\/wp\/v2\/product_tag?post=10241"}],"curies":[{"name":"wp","href":"https:\/\/api.w.org\/{rel}","templated":true}]}}