{"id":10245,"date":"2025-11-27T12:48:07","date_gmt":"2025-11-27T12:48:07","guid":{"rendered":"https:\/\/mlg.co.mz\/?post_type=product&#038;p=10245"},"modified":"2025-11-27T12:48:07","modified_gmt":"2025-11-27T12:48:07","slug":"carregador-de-carro-yesido-y68-30w","status":"publish","type":"product","link":"https:\/\/mlg.co.mz\/index.php\/product\/carregador-de-carro-yesido-y68-30w\/","title":{"rendered":"Carregador de Carro Yesido Y68 \u2013 30W"},"content":{"rendered":"<h2 data-start=\"64\" data-end=\"107\"><\/h2>\n<ul>\n<li data-start=\"111\" data-end=\"140\">2 portas: <strong data-start=\"121\" data-end=\"138\">USB-A + USB-C<\/strong><\/li>\n<li data-start=\"143\" data-end=\"168\">Fast Charge <strong data-start=\"155\" data-end=\"166\">PD + QC<\/strong><\/li>\n<li data-start=\"171\" data-end=\"190\">Pot\u00eancia: <strong data-start=\"181\" data-end=\"188\">30W<\/strong><\/li>\n<li data-start=\"193\" data-end=\"226\">Entrada: <strong data-start=\"202\" data-end=\"224\">12\u201324V (universal)<\/strong><\/li>\n<li data-start=\"229\" data-end=\"238\">Sa\u00eddas:<\/li>\n<li data-start=\"243\" data-end=\"274\">USB-C: 5V\/3A, 9V\/3A, 12V\/2.5A<\/li>\n<li data-start=\"279\" data-end=\"310\">USB-A: 5V\/3A, 9V\/2A, 12V\/1.5A<\/li>\n<li data-start=\"313\" data-end=\"376\">Prote\u00e7\u00f5es completas (curto, sobretens\u00e3o, sobrecorrente, etc.)<\/li>\n<li data-start=\"379\" data-end=\"420\">Material: PC \u00e0 prova de fogo + alum\u00ednio<\/li>\n<li data-start=\"423\" data-end=\"450\">Recurso: Rota\u00e7\u00e3o <strong data-start=\"440\" data-end=\"448\">360\u00b0<\/strong><\/li>\n<li data-start=\"453\" data-end=\"484\">Peso: 18g (44g com embalagem)<\/li>\n<li data-start=\"487\" data-end=\"499\">Cor: Preto<\/li>\n<li data-start=\"502\" data-end=\"539\">Modelo: <strong data-start=\"510\" data-end=\"517\">Y68<\/strong> \/ Marca: <strong data-start=\"527\" data-end=\"537\">Yesido<\/strong><\/li>\n<\/ul>\n","protected":false},"excerpt":{"rendered":"<p>2 portas: USB-A + USB-C Fast Charge PD + QC Pot\u00eancia: 30W Entrada: 12\u201324V (universal) Sa\u00eddas: USB-C: 5V\/3A, 9V\/3A, 12V\/2.5A USB-A: 5V\/3A, 9V\/2A, 12V\/1.5A Prote\u00e7\u00f5es completas (curto, sobretens\u00e3o, sobrecorrente, etc.) Material: PC \u00e0 prova de fogo + alum\u00ednio Recurso: Rota\u00e7\u00e3o 360\u00b0 Peso: 18g (44g com embalagem) Cor: Preto Modelo: Y68 \/ Marca: Yesido<\/p>\n","protected":false},"featured_media":10247,"comment_status":"open","ping_status":"closed","template":"","meta":[],"product_brand":[],"product_cat":[163],"product_tag":[],"class_list":{"0":"post-10245","1":"product","2":"type-product","3":"status-publish","4":"has-post-thumbnail","6":"product_cat-cat-electronic-other","8":"first","9":"instock","10":"shipping-taxable","11":"purchasable","12":"product-type-simple"},"_links":{"self":[{"href":"https:\/\/mlg.co.mz\/index.php\/wp-json\/wp\/v2\/product\/10245","targetHints":{"allow":["GET"]}}],"collection":[{"href":"https:\/\/mlg.co.mz\/index.php\/wp-json\/wp\/v2\/product"}],"about":[{"href":"https:\/\/mlg.co.mz\/index.php\/wp-json\/wp\/v2\/types\/product"}],"replies":[{"embeddable":true,"href":"https:\/\/mlg.co.mz\/index.php\/wp-json\/wp\/v2\/comments?post=10245"}],"wp:featuredmedia":[{"embeddable":true,"href":"https:\/\/mlg.co.mz\/index.php\/wp-json\/wp\/v2\/media\/10247"}],"wp:attachment":[{"href":"https:\/\/mlg.co.mz\/index.php\/wp-json\/wp\/v2\/media?parent=10245"}],"wp:term":[{"taxonomy":"product_brand","embeddable":true,"href":"https:\/\/mlg.co.mz\/index.php\/wp-json\/wp\/v2\/product_brand?post=10245"},{"taxonomy":"product_cat","embeddable":true,"href":"https:\/\/mlg.co.mz\/index.php\/wp-json\/wp\/v2\/product_cat?post=10245"},{"taxonomy":"product_tag","embeddable":true,"href":"https:\/\/mlg.co.mz\/index.php\/wp-json\/wp\/v2\/product_tag?post=10245"}],"curies":[{"name":"wp","href":"https:\/\/api.w.org\/{rel}","templated":true}]}}