{"id":10251,"date":"2025-11-27T13:14:26","date_gmt":"2025-11-27T13:14:26","guid":{"rendered":"https:\/\/mlg.co.mz\/?post_type=product&#038;p=10251"},"modified":"2025-11-27T13:14:26","modified_gmt":"2025-11-27T13:14:26","slug":"mochila-masculina-de-couro-pu-para-laptop-moyyi-a-prova-dagua","status":"publish","type":"product","link":"https:\/\/mlg.co.mz\/index.php\/product\/mochila-masculina-de-couro-pu-para-laptop-moyyi-a-prova-dagua\/","title":{"rendered":"Mochila Masculina de Couro PU para Laptop MOYYI \u00e0 Prova d&#8217;\u00c1gua"},"content":{"rendered":"<h2 data-start=\"79\" data-end=\"131\"><strong data-start=\"82\" data-end=\"131\">Mochila Masculina MOYYI 6077 \u2013 PU Imperme\u00e1vel<\/strong><\/h2>\n<ul>\n<li data-start=\"135\" data-end=\"167\"><strong data-start=\"135\" data-end=\"148\">Material:<\/strong> PU (Imperme\u00e1vel)<\/li>\n<li data-start=\"170\" data-end=\"196\"><strong data-start=\"170\" data-end=\"188\">Tipo de Fecho:<\/strong> Z\u00edper<\/li>\n<li data-start=\"199\" data-end=\"221\"><strong data-start=\"199\" data-end=\"210\">Estilo:<\/strong> Nacional<\/li>\n<li data-start=\"224\" data-end=\"256\"><strong data-start=\"224\" data-end=\"236\">Esta\u00e7\u00e3o:<\/strong> Todas as esta\u00e7\u00f5es<\/li>\n<li data-start=\"259\" data-end=\"304\"><strong data-start=\"259\" data-end=\"270\">Fun\u00e7\u00e3o:<\/strong> Uso escolar, viagem e dia a dia<\/li>\n<li data-start=\"307\" data-end=\"347\"><strong data-start=\"307\" data-end=\"316\">Tipo:<\/strong> Estrutura com quadro interno<\/li>\n<li data-start=\"350\" data-end=\"380\"><strong data-start=\"350\" data-end=\"362\">Tamanho:<\/strong> 31 \u00d7 17 \u00d7 41 cm<\/li>\n<li data-start=\"383\" data-end=\"408\"><strong data-start=\"383\" data-end=\"392\">Peso:<\/strong> Personalizado<\/li>\n<li data-start=\"411\" data-end=\"429\"><strong data-start=\"411\" data-end=\"421\">Marca:<\/strong> MOYYI<\/li>\n<li data-start=\"432\" data-end=\"450\"><strong data-start=\"432\" data-end=\"443\">Modelo:<\/strong> 6077<\/li>\n<li data-start=\"453\" data-end=\"483\"><strong data-start=\"453\" data-end=\"464\">Origem:<\/strong> Guangdong, China<\/li>\n<li data-start=\"486\" data-end=\"526\"><strong data-start=\"486\" data-end=\"506\">Nome do Produto:<\/strong> Mochila Masculina<\/li>\n<\/ul>\n","protected":false},"excerpt":{"rendered":"<p>Mochila Masculina MOYYI 6077 \u2013 PU Imperme\u00e1vel Material: PU (Imperme\u00e1vel) Tipo de Fecho: Z\u00edper Estilo: Nacional Esta\u00e7\u00e3o: Todas as esta\u00e7\u00f5es Fun\u00e7\u00e3o: Uso escolar, viagem e dia a dia Tipo: Estrutura com quadro interno Tamanho: 31 \u00d7 17 \u00d7 41 cm Peso: Personalizado Marca: MOYYI Modelo: 6077 Origem: Guangdong, China Nome do Produto: Mochila Masculina<\/p>\n","protected":false},"featured_media":10253,"comment_status":"open","ping_status":"closed","template":"","meta":[],"product_brand":[],"product_cat":[229],"product_tag":[],"class_list":{"0":"post-10251","1":"product","2":"type-product","3":"status-publish","4":"has-post-thumbnail","6":"product_cat-cat-bags","8":"first","9":"instock","10":"shipping-taxable","11":"purchasable","12":"product-type-simple"},"_links":{"self":[{"href":"https:\/\/mlg.co.mz\/index.php\/wp-json\/wp\/v2\/product\/10251","targetHints":{"allow":["GET"]}}],"collection":[{"href":"https:\/\/mlg.co.mz\/index.php\/wp-json\/wp\/v2\/product"}],"about":[{"href":"https:\/\/mlg.co.mz\/index.php\/wp-json\/wp\/v2\/types\/product"}],"replies":[{"embeddable":true,"href":"https:\/\/mlg.co.mz\/index.php\/wp-json\/wp\/v2\/comments?post=10251"}],"wp:featuredmedia":[{"embeddable":true,"href":"https:\/\/mlg.co.mz\/index.php\/wp-json\/wp\/v2\/media\/10253"}],"wp:attachment":[{"href":"https:\/\/mlg.co.mz\/index.php\/wp-json\/wp\/v2\/media?parent=10251"}],"wp:term":[{"taxonomy":"product_brand","embeddable":true,"href":"https:\/\/mlg.co.mz\/index.php\/wp-json\/wp\/v2\/product_brand?post=10251"},{"taxonomy":"product_cat","embeddable":true,"href":"https:\/\/mlg.co.mz\/index.php\/wp-json\/wp\/v2\/product_cat?post=10251"},{"taxonomy":"product_tag","embeddable":true,"href":"https:\/\/mlg.co.mz\/index.php\/wp-json\/wp\/v2\/product_tag?post=10251"}],"curies":[{"name":"wp","href":"https:\/\/api.w.org\/{rel}","templated":true}]}}