{"id":10281,"date":"2025-11-27T15:27:22","date_gmt":"2025-11-27T15:27:22","guid":{"rendered":"https:\/\/mlg.co.mz\/?post_type=product&#038;p=10281"},"modified":"2025-11-27T15:27:22","modified_gmt":"2025-11-27T15:27:22","slug":"power-bank-magnetico-kuulaa","status":"publish","type":"product","link":"https:\/\/mlg.co.mz\/index.php\/product\/power-bank-magnetico-kuulaa\/","title":{"rendered":"Power Bank Magn\u00e9tico KUULAA"},"content":{"rendered":"<p><strong data-start=\"101\" data-end=\"147\">Power Bank Magn\u00e9tico KUULAA 5.000mAh \u2013 20W<\/strong><\/p>\n<ul>\n<li data-start=\"151\" data-end=\"176\"><strong data-start=\"151\" data-end=\"166\">Capacidade:<\/strong> 5000mAh<\/li>\n<li data-start=\"179\" data-end=\"226\"><strong data-start=\"179\" data-end=\"201\">Pot\u00eancia de sa\u00edda:<\/strong> 20W (USB-C + wireless)<\/li>\n<li data-start=\"229\" data-end=\"296\"><strong data-start=\"229\" data-end=\"241\">Fun\u00e7\u00f5es:<\/strong> Carregamento r\u00e1pido, carregamento sem fio, magn\u00e9tico<\/li>\n<li data-start=\"299\" data-end=\"356\"><strong data-start=\"299\" data-end=\"319\">Compatibilidade:<\/strong> iPhone 12\/13\/14\/15 (todas vers\u00f5es)<\/li>\n<li data-start=\"359\" data-end=\"379\"><strong data-start=\"359\" data-end=\"371\">Entrada:<\/strong> USB-C<\/li>\n<li data-start=\"382\" data-end=\"423\"><strong data-start=\"382\" data-end=\"392\">Sa\u00edda:<\/strong> USB-C + Carregamento sem fio<\/li>\n<li data-start=\"426\" data-end=\"499\"><strong data-start=\"426\" data-end=\"435\">Tipo:<\/strong> Ultra Slim, port\u00e1til, power bank 2-em-1 com suporte integrado<\/li>\n<\/ul>\n<p><strong data-start=\"505\" data-end=\"518\">Materiais<\/strong><\/p>\n<ul>\n<li data-start=\"521\" data-end=\"547\">ABS + PC \u00e0 prova de fogo<\/li>\n<li data-start=\"550\" data-end=\"568\">Liga de alum\u00ednio<\/li>\n<li data-start=\"571\" data-end=\"581\">Silicone<\/li>\n<li data-start=\"584\" data-end=\"614\">Bateria de pol\u00edmero de l\u00edtio<\/li>\n<\/ul>\n<p><strong data-start=\"620\" data-end=\"638\">Especifica\u00e7\u00f5es<\/strong><\/p>\n<ul>\n<li data-start=\"641\" data-end=\"661\">Peso: <strong data-start=\"647\" data-end=\"659\">0.229 kg<\/strong><\/li>\n<li data-start=\"664\" data-end=\"708\">Cores: marrom, azul, cinza, vermelho, rosa<\/li>\n<li data-start=\"711\" data-end=\"730\">Marca: <strong data-start=\"718\" data-end=\"728\">KUULAA<\/strong><\/li>\n<li data-start=\"733\" data-end=\"757\">Garantia: <strong data-start=\"743\" data-end=\"755\">12 meses<\/strong><\/li>\n<li data-start=\"760\" data-end=\"819\">Prote\u00e7\u00f5es: curto-circuito, sobrecarga, descarga excessiva<\/li>\n<li data-start=\"822\" data-end=\"852\">Padr\u00e3o do soquete: universal<\/li>\n<li data-start=\"855\" data-end=\"881\">Logotipo: personaliz\u00e1vel<\/li>\n<li data-start=\"884\" data-end=\"911\">Embalagem: caixa colorida<\/li>\n<\/ul>\n","protected":false},"excerpt":{"rendered":"<p>Power Bank Magn\u00e9tico KUULAA 5.000mAh \u2013 20W Capacidade: 5000mAh Pot\u00eancia de sa\u00edda: 20W (USB-C + wireless) Fun\u00e7\u00f5es: Carregamento r\u00e1pido, carregamento sem fio, magn\u00e9tico Compatibilidade: iPhone 12\/13\/14\/15 (todas vers\u00f5es) Entrada: USB-C Sa\u00edda: USB-C + Carregamento sem fio Tipo: Ultra Slim, port\u00e1til, power bank 2-em-1 com suporte integrado Materiais ABS + PC \u00e0 prova de fogo Liga [&hellip;]<\/p>\n","protected":false},"featured_media":10277,"comment_status":"open","ping_status":"closed","template":"","meta":[],"product_brand":[],"product_cat":[276],"product_tag":[],"class_list":{"0":"post-10281","1":"product","2":"type-product","3":"status-publish","4":"has-post-thumbnail","6":"product_cat-power-bank","8":"first","9":"outofstock","10":"shipping-taxable","11":"purchasable","12":"product-type-simple"},"_links":{"self":[{"href":"https:\/\/mlg.co.mz\/index.php\/wp-json\/wp\/v2\/product\/10281","targetHints":{"allow":["GET"]}}],"collection":[{"href":"https:\/\/mlg.co.mz\/index.php\/wp-json\/wp\/v2\/product"}],"about":[{"href":"https:\/\/mlg.co.mz\/index.php\/wp-json\/wp\/v2\/types\/product"}],"replies":[{"embeddable":true,"href":"https:\/\/mlg.co.mz\/index.php\/wp-json\/wp\/v2\/comments?post=10281"}],"wp:featuredmedia":[{"embeddable":true,"href":"https:\/\/mlg.co.mz\/index.php\/wp-json\/wp\/v2\/media\/10277"}],"wp:attachment":[{"href":"https:\/\/mlg.co.mz\/index.php\/wp-json\/wp\/v2\/media?parent=10281"}],"wp:term":[{"taxonomy":"product_brand","embeddable":true,"href":"https:\/\/mlg.co.mz\/index.php\/wp-json\/wp\/v2\/product_brand?post=10281"},{"taxonomy":"product_cat","embeddable":true,"href":"https:\/\/mlg.co.mz\/index.php\/wp-json\/wp\/v2\/product_cat?post=10281"},{"taxonomy":"product_tag","embeddable":true,"href":"https:\/\/mlg.co.mz\/index.php\/wp-json\/wp\/v2\/product_tag?post=10281"}],"curies":[{"name":"wp","href":"https:\/\/api.w.org\/{rel}","templated":true}]}}