{"id":10283,"date":"2025-11-27T15:46:23","date_gmt":"2025-11-27T15:46:23","guid":{"rendered":"https:\/\/mlg.co.mz\/?post_type=product&#038;p=10283"},"modified":"2025-11-27T15:46:23","modified_gmt":"2025-11-27T15:46:23","slug":"suporte-magnetico-porta-cartoes","status":"publish","type":"product","link":"https:\/\/mlg.co.mz\/index.php\/product\/suporte-magnetico-porta-cartoes\/","title":{"rendered":"Suporte Magn\u00e9tico Porta-Cart\u00f5es"},"content":{"rendered":"<h2 data-start=\"79\" data-end=\"151\"><strong data-start=\"82\" data-end=\"151\">Suporte Magn\u00e9tico Porta-Cart\u00f5es AOERMEI ARM-4137 \u2013 PU para iPhone<\/strong><\/h2>\n<ul>\n<li data-start=\"155\" data-end=\"180\"><strong data-start=\"155\" data-end=\"168\">Material:<\/strong> PU + \u00edm\u00e3s<\/li>\n<li data-start=\"183\" data-end=\"220\"><strong data-start=\"183\" data-end=\"194\">Fun\u00e7\u00e3o:<\/strong> Porta-cart\u00f5es magn\u00e9tico<\/li>\n<li data-start=\"223\" data-end=\"253\"><strong data-start=\"223\" data-end=\"242\">Caracter\u00edstica:<\/strong> Dobr\u00e1vel<\/li>\n<li data-start=\"256\" data-end=\"303\"><strong data-start=\"256\" data-end=\"267\">Design:<\/strong> Cor s\u00f3lida (20 cores dispon\u00edveis)<\/li>\n<li data-start=\"306\" data-end=\"344\"><strong data-start=\"306\" data-end=\"325\">Compat\u00edvel com:<\/strong> iPhone (MagSafe)<\/li>\n<li data-start=\"347\" data-end=\"376\"><strong data-start=\"347\" data-end=\"356\">Tipo:<\/strong> Suporte de cart\u00e3o<\/li>\n<li data-start=\"379\" data-end=\"412\"><strong data-start=\"379\" data-end=\"403\">Artesanato especial:<\/strong> Nenhum<\/li>\n<li data-start=\"415\" data-end=\"437\"><strong data-start=\"415\" data-end=\"426\">Modelo:<\/strong> ARM-4137<\/li>\n<li data-start=\"440\" data-end=\"460\"><strong data-start=\"440\" data-end=\"450\">Marca:<\/strong> AOERMEI<\/li>\n<li data-start=\"463\" data-end=\"493\"><strong data-start=\"463\" data-end=\"474\">Origem:<\/strong> Guangdong, China<\/li>\n<li data-start=\"496\" data-end=\"559\"><strong data-start=\"496\" data-end=\"516\">Nome do Produto:<\/strong> Magnetic Stand PU Card Holder for iPhone<\/li>\n<\/ul>\n","protected":false},"excerpt":{"rendered":"<p>Suporte Magn\u00e9tico Porta-Cart\u00f5es AOERMEI ARM-4137 \u2013 PU para iPhone Material: PU + \u00edm\u00e3s Fun\u00e7\u00e3o: Porta-cart\u00f5es magn\u00e9tico Caracter\u00edstica: Dobr\u00e1vel Design: Cor s\u00f3lida (20 cores dispon\u00edveis) Compat\u00edvel com: iPhone (MagSafe) Tipo: Suporte de cart\u00e3o Artesanato especial: Nenhum Modelo: ARM-4137 Marca: AOERMEI Origem: Guangdong, China Nome do Produto: Magnetic Stand PU Card Holder for iPhone<\/p>\n","protected":false},"featured_media":10274,"comment_status":"open","ping_status":"closed","template":"","meta":[],"product_brand":[],"product_cat":[15],"product_tag":[],"class_list":{"0":"post-10283","1":"product","2":"type-product","3":"status-publish","4":"has-post-thumbnail","6":"product_cat-uncategorized","8":"first","9":"instock","10":"shipping-taxable","11":"purchasable","12":"product-type-simple"},"_links":{"self":[{"href":"https:\/\/mlg.co.mz\/index.php\/wp-json\/wp\/v2\/product\/10283","targetHints":{"allow":["GET"]}}],"collection":[{"href":"https:\/\/mlg.co.mz\/index.php\/wp-json\/wp\/v2\/product"}],"about":[{"href":"https:\/\/mlg.co.mz\/index.php\/wp-json\/wp\/v2\/types\/product"}],"replies":[{"embeddable":true,"href":"https:\/\/mlg.co.mz\/index.php\/wp-json\/wp\/v2\/comments?post=10283"}],"wp:featuredmedia":[{"embeddable":true,"href":"https:\/\/mlg.co.mz\/index.php\/wp-json\/wp\/v2\/media\/10274"}],"wp:attachment":[{"href":"https:\/\/mlg.co.mz\/index.php\/wp-json\/wp\/v2\/media?parent=10283"}],"wp:term":[{"taxonomy":"product_brand","embeddable":true,"href":"https:\/\/mlg.co.mz\/index.php\/wp-json\/wp\/v2\/product_brand?post=10283"},{"taxonomy":"product_cat","embeddable":true,"href":"https:\/\/mlg.co.mz\/index.php\/wp-json\/wp\/v2\/product_cat?post=10283"},{"taxonomy":"product_tag","embeddable":true,"href":"https:\/\/mlg.co.mz\/index.php\/wp-json\/wp\/v2\/product_tag?post=10283"}],"curies":[{"name":"wp","href":"https:\/\/api.w.org\/{rel}","templated":true}]}}