{"id":10284,"date":"2025-11-27T15:57:48","date_gmt":"2025-11-27T15:57:48","guid":{"rendered":"https:\/\/mlg.co.mz\/?post_type=product&#038;p=10284"},"modified":"2025-11-27T15:57:48","modified_gmt":"2025-11-27T15:57:48","slug":"capa-magnetica-com-textura-de-fibra-de-carbono","status":"publish","type":"product","link":"https:\/\/mlg.co.mz\/index.php\/product\/capa-magnetica-com-textura-de-fibra-de-carbono\/","title":{"rendered":"Capa Magn\u00e9tica com Textura de Fibra de Carbono"},"content":{"rendered":"<h2 data-start=\"82\" data-end=\"141\"><strong data-start=\"85\" data-end=\"141\">Capa para iPhone \u2013 Fibra de Carbono Magn\u00e9tica CLS-05<\/strong><\/h2>\n<h4 title=\"Capa de Luxo Magn\u00e9tica com Textura de Fibra de Carbono para iPhone 17 14 15 16 Pro Max, Protetor Traseiro de PC R\u00edgido Ultrafino Fosco \u00e0 Prova de Choque\" data-spm-anchor-id=\"a2700.details.0.i101.5ee2322fB5oNam\">\u00a0iPhone 17 14 15 16 Pro Max,<\/h4>\n<ul>\n<li data-start=\"145\" data-end=\"193\"><strong data-start=\"145\" data-end=\"158\">Material:<\/strong> PC + textura de fibra de carbono<\/li>\n<li data-start=\"196\" data-end=\"246\"><strong data-start=\"196\" data-end=\"215\">Caracter\u00edstica:<\/strong> \u00c0 prova de choque, magn\u00e9tica<\/li>\n<li data-start=\"249\" data-end=\"285\"><strong data-start=\"249\" data-end=\"258\">Tipo:<\/strong> Capa para telefone m\u00f3vel<\/li>\n<li data-start=\"288\" data-end=\"316\"><strong data-start=\"288\" data-end=\"307\">Compat\u00edvel com:<\/strong> iPhone<\/li>\n<li data-start=\"319\" data-end=\"337\"><strong data-start=\"319\" data-end=\"330\">Design:<\/strong> Luxo<\/li>\n<li data-start=\"340\" data-end=\"369\"><strong data-start=\"340\" data-end=\"352\">Suporte:<\/strong> Anel magn\u00e9tico<\/li>\n<\/ul>\n<h3 data-start=\"372\" data-end=\"386\"><strong data-start=\"372\" data-end=\"384\">Fun\u00e7\u00f5es:<\/strong><\/h3>\n<ul>\n<li data-start=\"391\" data-end=\"407\">Prote\u00e7\u00e3o total<\/li>\n<li data-start=\"412\" data-end=\"445\">Antiqueda (resistente a quedas)<\/li>\n<\/ul>\n<h3 data-start=\"447\" data-end=\"473\"><strong data-start=\"451\" data-end=\"473\">Informa\u00e7\u00f5es Gerais<\/strong><\/h3>\n<ul>\n<li data-start=\"476\" data-end=\"496\"><strong data-start=\"476\" data-end=\"487\">Modelo:<\/strong> CLS-05<\/li>\n<li data-start=\"499\" data-end=\"519\"><strong data-start=\"499\" data-end=\"509\">Marca:<\/strong> Neutral<\/li>\n<li data-start=\"522\" data-end=\"552\"><strong data-start=\"522\" data-end=\"533\">Origem:<\/strong> Guangdong, China<\/li>\n<li data-start=\"555\" data-end=\"635\"><strong data-start=\"555\" data-end=\"575\">Nome do Produto:<\/strong> Capa de celular com textura de fibra de carbono magn\u00e9tica<\/li>\n<\/ul>\n<p>&nbsp;<\/p>\n","protected":false},"excerpt":{"rendered":"<p>Capa para iPhone \u2013 Fibra de Carbono Magn\u00e9tica CLS-05 \u00a0iPhone 17 14 15 16 Pro Max, Material: PC + textura de fibra de carbono Caracter\u00edstica: \u00c0 prova de choque, magn\u00e9tica Tipo: Capa para telefone m\u00f3vel Compat\u00edvel com: iPhone Design: Luxo Suporte: Anel magn\u00e9tico Fun\u00e7\u00f5es: Prote\u00e7\u00e3o total Antiqueda (resistente a quedas) Informa\u00e7\u00f5es Gerais Modelo: CLS-05 Marca: [&hellip;]<\/p>\n","protected":false},"featured_media":10266,"comment_status":"open","ping_status":"closed","template":"","meta":[],"product_brand":[],"product_cat":[278],"product_tag":[],"class_list":{"0":"post-10284","1":"product","2":"type-product","3":"status-publish","4":"has-post-thumbnail","6":"product_cat-mobile-cases","8":"first","9":"instock","10":"shipping-taxable","11":"purchasable","12":"product-type-simple"},"_links":{"self":[{"href":"https:\/\/mlg.co.mz\/index.php\/wp-json\/wp\/v2\/product\/10284","targetHints":{"allow":["GET"]}}],"collection":[{"href":"https:\/\/mlg.co.mz\/index.php\/wp-json\/wp\/v2\/product"}],"about":[{"href":"https:\/\/mlg.co.mz\/index.php\/wp-json\/wp\/v2\/types\/product"}],"replies":[{"embeddable":true,"href":"https:\/\/mlg.co.mz\/index.php\/wp-json\/wp\/v2\/comments?post=10284"}],"wp:featuredmedia":[{"embeddable":true,"href":"https:\/\/mlg.co.mz\/index.php\/wp-json\/wp\/v2\/media\/10266"}],"wp:attachment":[{"href":"https:\/\/mlg.co.mz\/index.php\/wp-json\/wp\/v2\/media?parent=10284"}],"wp:term":[{"taxonomy":"product_brand","embeddable":true,"href":"https:\/\/mlg.co.mz\/index.php\/wp-json\/wp\/v2\/product_brand?post=10284"},{"taxonomy":"product_cat","embeddable":true,"href":"https:\/\/mlg.co.mz\/index.php\/wp-json\/wp\/v2\/product_cat?post=10284"},{"taxonomy":"product_tag","embeddable":true,"href":"https:\/\/mlg.co.mz\/index.php\/wp-json\/wp\/v2\/product_tag?post=10284"}],"curies":[{"name":"wp","href":"https:\/\/api.w.org\/{rel}","templated":true}]}}