{"id":10285,"date":"2025-11-27T16:04:13","date_gmt":"2025-11-27T16:04:13","guid":{"rendered":"https:\/\/mlg.co.mz\/?post_type=product&#038;p=10285"},"modified":"2025-12-04T07:58:43","modified_gmt":"2025-12-04T07:58:43","slug":"suporte-magnetico-boneruy-t9","status":"publish","type":"product","link":"https:\/\/mlg.co.mz\/index.php\/product\/suporte-magnetico-boneruy-t9\/","title":{"rendered":"Suporte Magn\u00e9tico Boneruy T9"},"content":{"rendered":"<h2 data-start=\"79\" data-end=\"133\"><strong data-start=\"82\" data-end=\"133\">Suporte Magn\u00e9tico Boneruy T9 \u2013 Alum\u00ednio<\/strong><\/h2>\n<ul>\n<li data-start=\"137\" data-end=\"180\"><strong data-start=\"137\" data-end=\"156\">Compat\u00edvel com:<\/strong> iPhones (3.5&#8243; a 6.7&#8243;)<\/li>\n<li data-start=\"183\" data-end=\"226\"><strong data-start=\"183\" data-end=\"196\">Material:<\/strong> Liga de alum\u00ednio + silicone<\/li>\n<li data-start=\"229\" data-end=\"271\"><strong data-start=\"229\" data-end=\"249\">Caracter\u00edsticas:<\/strong> Port\u00e1til, magn\u00e9tico<\/li>\n<li data-start=\"292\" data-end=\"324\"><strong data-start=\"292\" data-end=\"312\">Modo de fixa\u00e7\u00e3o:<\/strong> Magn\u00e9tico<\/li>\n<li data-start=\"327\" data-end=\"357\"><strong data-start=\"327\" data-end=\"342\">Carregador:<\/strong> N\u00e3o inclu\u00eddo<\/li>\n<li data-start=\"360\" data-end=\"395\"><strong data-start=\"360\" data-end=\"389\">Rastreamento inteligente:<\/strong> N\u00e3o<\/li>\n<li data-start=\"398\" data-end=\"422\"><strong data-start=\"398\" data-end=\"416\">Molde privado:<\/strong> Sim<\/li>\n<\/ul>\n<h3 data-start=\"424\" data-end=\"446\"><strong data-start=\"428\" data-end=\"446\">Especifica\u00e7\u00f5es<\/strong><\/h3>\n<ul>\n<li data-start=\"449\" data-end=\"465\"><strong data-start=\"449\" data-end=\"460\">Modelo:<\/strong> T9<\/li>\n<li data-start=\"468\" data-end=\"488\"><strong data-start=\"468\" data-end=\"478\">Marca:<\/strong> Boneruy<\/li>\n<li data-start=\"491\" data-end=\"521\"><strong data-start=\"491\" data-end=\"502\">Origem:<\/strong> Guangdong, China<\/li>\n<li data-start=\"524\" data-end=\"576\"><strong data-start=\"524\" data-end=\"544\">Nome do produto:<\/strong> Suporte de telefone magn\u00e9tico<\/li>\n<li data-start=\"579\" data-end=\"612\"><strong data-start=\"579\" data-end=\"593\">Dimens\u00f5es:<\/strong> 98.5 \u00d7 57 \u00d7 8 mm<\/li>\n<li data-start=\"615\" data-end=\"631\"><strong data-start=\"615\" data-end=\"624\">Peso:<\/strong> 46 g<\/li>\n<\/ul>\n","protected":false},"excerpt":{"rendered":"<p>Suporte Magn\u00e9tico Boneruy T9 \u2013 Alum\u00ednio Compat\u00edvel com: iPhones (3.5&#8243; a 6.7&#8243;) Material: Liga de alum\u00ednio + silicone Caracter\u00edsticas: Port\u00e1til, magn\u00e9tico Modo de fixa\u00e7\u00e3o: Magn\u00e9tico Carregador: N\u00e3o inclu\u00eddo Rastreamento inteligente: N\u00e3o Molde privado: Sim Especifica\u00e7\u00f5es Modelo: T9 Marca: Boneruy Origem: Guangdong, China Nome do produto: Suporte de telefone magn\u00e9tico Dimens\u00f5es: 98.5 \u00d7 57 \u00d7 8 [&hellip;]<\/p>\n","protected":false},"featured_media":10265,"comment_status":"open","ping_status":"closed","template":"","meta":[],"product_brand":[],"product_cat":[280],"product_tag":[],"class_list":{"0":"post-10285","1":"product","2":"type-product","3":"status-publish","4":"has-post-thumbnail","6":"product_cat-mobile-acessories","8":"first","9":"instock","10":"shipping-taxable","11":"purchasable","12":"product-type-simple"},"_links":{"self":[{"href":"https:\/\/mlg.co.mz\/index.php\/wp-json\/wp\/v2\/product\/10285","targetHints":{"allow":["GET"]}}],"collection":[{"href":"https:\/\/mlg.co.mz\/index.php\/wp-json\/wp\/v2\/product"}],"about":[{"href":"https:\/\/mlg.co.mz\/index.php\/wp-json\/wp\/v2\/types\/product"}],"replies":[{"embeddable":true,"href":"https:\/\/mlg.co.mz\/index.php\/wp-json\/wp\/v2\/comments?post=10285"}],"wp:featuredmedia":[{"embeddable":true,"href":"https:\/\/mlg.co.mz\/index.php\/wp-json\/wp\/v2\/media\/10265"}],"wp:attachment":[{"href":"https:\/\/mlg.co.mz\/index.php\/wp-json\/wp\/v2\/media?parent=10285"}],"wp:term":[{"taxonomy":"product_brand","embeddable":true,"href":"https:\/\/mlg.co.mz\/index.php\/wp-json\/wp\/v2\/product_brand?post=10285"},{"taxonomy":"product_cat","embeddable":true,"href":"https:\/\/mlg.co.mz\/index.php\/wp-json\/wp\/v2\/product_cat?post=10285"},{"taxonomy":"product_tag","embeddable":true,"href":"https:\/\/mlg.co.mz\/index.php\/wp-json\/wp\/v2\/product_tag?post=10285"}],"curies":[{"name":"wp","href":"https:\/\/api.w.org\/{rel}","templated":true}]}}