{"id":10322,"date":"2025-11-27T20:15:12","date_gmt":"2025-11-27T20:15:12","guid":{"rendered":"https:\/\/mlg.co.mz\/?post_type=product&#038;p=10322"},"modified":"2025-11-27T20:15:12","modified_gmt":"2025-11-27T20:15:12","slug":"mens-backpack-anti-theft-travel-bag","status":"publish","type":"product","link":"https:\/\/mlg.co.mz\/index.php\/product\/mens-backpack-anti-theft-travel-bag\/","title":{"rendered":"Men&#8217;s Backpack Anti-theft Travel Bag"},"content":{"rendered":"<h2 data-start=\"79\" data-end=\"139\"><strong data-start=\"82\" data-end=\"139\">Mochila Outdoor 5517 \u2013 Poli\u00e9ster Imperme\u00e1vel (20\u201337L)<\/strong><\/h2>\n<ul>\n<li data-start=\"143\" data-end=\"168\"><strong data-start=\"143\" data-end=\"156\">Material:<\/strong> Poli\u00e9ster<\/li>\n<li data-start=\"171\" data-end=\"220\"><strong data-start=\"171\" data-end=\"191\">Caracter\u00edsticas:<\/strong> \u00c0 prova d\u2019\u00e1gua, anti-roubo<\/li>\n<li data-start=\"223\" data-end=\"253\"><strong data-start=\"223\" data-end=\"238\">Capacidade:<\/strong> 20\u201337 litros<\/li>\n<li data-start=\"256\" data-end=\"286\"><strong data-start=\"256\" data-end=\"268\">Tamanho:<\/strong> 32 \u00d7 15 \u00d7 48 cm<\/li>\n<li data-start=\"289\" data-end=\"308\"><strong data-start=\"289\" data-end=\"298\">Peso:<\/strong> 0.75 kg<\/li>\n<li data-start=\"311\" data-end=\"396\"><strong data-start=\"311\" data-end=\"319\">Uso:<\/strong> Caminhada, corrida, camping, escalada, atividades ao ar livre e uso di\u00e1rio<\/li>\n<li data-start=\"441\" data-end=\"459\"><strong data-start=\"441\" data-end=\"452\">Modelo:<\/strong> 5517<\/li>\n<li data-start=\"495\" data-end=\"532\"><strong data-start=\"495\" data-end=\"508\">Logotipo:<\/strong> Aceita personaliza\u00e7\u00e3o<\/li>\n<\/ul>\n","protected":false},"excerpt":{"rendered":"<p>Mochila Outdoor 5517 \u2013 Poli\u00e9ster Imperme\u00e1vel (20\u201337L) Material: Poli\u00e9ster Caracter\u00edsticas: \u00c0 prova d\u2019\u00e1gua, anti-roubo Capacidade: 20\u201337 litros Tamanho: 32 \u00d7 15 \u00d7 48 cm Peso: 0.75 kg Uso: Caminhada, corrida, camping, escalada, atividades ao ar livre e uso di\u00e1rio Modelo: 5517 Logotipo: Aceita personaliza\u00e7\u00e3o<\/p>\n","protected":false},"featured_media":10296,"comment_status":"open","ping_status":"closed","template":"","meta":[],"product_brand":[],"product_cat":[229],"product_tag":[],"class_list":{"0":"post-10322","1":"product","2":"type-product","3":"status-publish","4":"has-post-thumbnail","6":"product_cat-cat-bags","8":"first","9":"instock","10":"shipping-taxable","11":"purchasable","12":"product-type-simple"},"_links":{"self":[{"href":"https:\/\/mlg.co.mz\/index.php\/wp-json\/wp\/v2\/product\/10322","targetHints":{"allow":["GET"]}}],"collection":[{"href":"https:\/\/mlg.co.mz\/index.php\/wp-json\/wp\/v2\/product"}],"about":[{"href":"https:\/\/mlg.co.mz\/index.php\/wp-json\/wp\/v2\/types\/product"}],"replies":[{"embeddable":true,"href":"https:\/\/mlg.co.mz\/index.php\/wp-json\/wp\/v2\/comments?post=10322"}],"wp:featuredmedia":[{"embeddable":true,"href":"https:\/\/mlg.co.mz\/index.php\/wp-json\/wp\/v2\/media\/10296"}],"wp:attachment":[{"href":"https:\/\/mlg.co.mz\/index.php\/wp-json\/wp\/v2\/media?parent=10322"}],"wp:term":[{"taxonomy":"product_brand","embeddable":true,"href":"https:\/\/mlg.co.mz\/index.php\/wp-json\/wp\/v2\/product_brand?post=10322"},{"taxonomy":"product_cat","embeddable":true,"href":"https:\/\/mlg.co.mz\/index.php\/wp-json\/wp\/v2\/product_cat?post=10322"},{"taxonomy":"product_tag","embeddable":true,"href":"https:\/\/mlg.co.mz\/index.php\/wp-json\/wp\/v2\/product_tag?post=10322"}],"curies":[{"name":"wp","href":"https:\/\/api.w.org\/{rel}","templated":true}]}}