{"id":10323,"date":"2025-11-29T19:08:53","date_gmt":"2025-11-29T19:08:53","guid":{"rendered":"https:\/\/mlg.co.mz\/?post_type=product&#038;p=10323"},"modified":"2025-11-29T19:08:53","modified_gmt":"2025-11-29T19:08:53","slug":"travel-backpack-bags-for-men-outdoor-laptop-backpack","status":"publish","type":"product","link":"https:\/\/mlg.co.mz\/index.php\/product\/travel-backpack-bags-for-men-outdoor-laptop-backpack\/","title":{"rendered":"Travel Backpack Bags for Men Outdoor Laptop Backpack"},"content":{"rendered":"<h2 data-start=\"82\" data-end=\"143\"><strong data-start=\"85\" data-end=\"143\">Mochila Imperme\u00e1vel Outdoor MOYYI \u2013 Rolltop Expans\u00edvel<\/strong><\/h2>\n<ul>\n<li data-start=\"147\" data-end=\"179\"><strong data-start=\"147\" data-end=\"170\">Material Principal:<\/strong> Oxford<\/li>\n<li data-start=\"182\" data-end=\"204\"><strong data-start=\"182\" data-end=\"192\">Forro:<\/strong> Poli\u00e9ster<\/li>\n<li data-start=\"207\" data-end=\"253\"><strong data-start=\"207\" data-end=\"227\">Caracter\u00edsticas:<\/strong> Imperme\u00e1vel, anti-roubo<\/li>\n<li data-start=\"256\" data-end=\"287\"><strong data-start=\"256\" data-end=\"271\">Capacidade:<\/strong> At\u00e9 22 litros<\/li>\n<li data-start=\"290\" data-end=\"335\"><strong data-start=\"290\" data-end=\"303\">Interior:<\/strong> Compartimento para computador<\/li>\n<li data-start=\"338\" data-end=\"372\"><strong data-start=\"338\" data-end=\"348\">Fecho:<\/strong> Z\u00edper + fecho rolltop<\/li>\n<li data-start=\"375\" data-end=\"411\"><strong data-start=\"375\" data-end=\"386\">Estilo:<\/strong> Moto &amp; Biker \/ Outdoor<\/li>\n<li data-start=\"414\" data-end=\"470\"><strong data-start=\"414\" data-end=\"428\">Aplica\u00e7\u00e3o:<\/strong> Viagem, caminhada, desporto, uso di\u00e1rio<\/li>\n<li data-start=\"473\" data-end=\"524\"><strong data-start=\"473\" data-end=\"499\">Sistema de Transporte:<\/strong> Al\u00e7a de ombro arqueada<\/li>\n<li data-start=\"527\" data-end=\"548\"><strong data-start=\"527\" data-end=\"538\">G\u00e9nero:<\/strong> Unissex<\/li>\n<li data-start=\"551\" data-end=\"581\"><strong data-start=\"551\" data-end=\"560\">Tipo:<\/strong> Mochila \/ Bookpack<\/li>\n<li data-start=\"584\" data-end=\"601\"><strong data-start=\"584\" data-end=\"593\">Al\u00e7a:<\/strong> Macia<\/li>\n<\/ul>\n","protected":false},"excerpt":{"rendered":"<p>Mochila Imperme\u00e1vel Outdoor MOYYI \u2013 Rolltop Expans\u00edvel Material Principal: Oxford Forro: Poli\u00e9ster Caracter\u00edsticas: Imperme\u00e1vel, anti-roubo Capacidade: At\u00e9 22 litros Interior: Compartimento para computador Fecho: Z\u00edper + fecho rolltop Estilo: Moto &amp; Biker \/ Outdoor Aplica\u00e7\u00e3o: Viagem, caminhada, desporto, uso di\u00e1rio Sistema de Transporte: Al\u00e7a de ombro arqueada G\u00e9nero: Unissex Tipo: Mochila \/ Bookpack Al\u00e7a: Macia<\/p>\n","protected":false},"featured_media":10306,"comment_status":"open","ping_status":"closed","template":"","meta":[],"product_brand":[],"product_cat":[229],"product_tag":[],"class_list":{"0":"post-10323","1":"product","2":"type-product","3":"status-publish","4":"has-post-thumbnail","6":"product_cat-cat-bags","8":"first","9":"instock","10":"shipping-taxable","11":"purchasable","12":"product-type-simple"},"_links":{"self":[{"href":"https:\/\/mlg.co.mz\/index.php\/wp-json\/wp\/v2\/product\/10323","targetHints":{"allow":["GET"]}}],"collection":[{"href":"https:\/\/mlg.co.mz\/index.php\/wp-json\/wp\/v2\/product"}],"about":[{"href":"https:\/\/mlg.co.mz\/index.php\/wp-json\/wp\/v2\/types\/product"}],"replies":[{"embeddable":true,"href":"https:\/\/mlg.co.mz\/index.php\/wp-json\/wp\/v2\/comments?post=10323"}],"wp:featuredmedia":[{"embeddable":true,"href":"https:\/\/mlg.co.mz\/index.php\/wp-json\/wp\/v2\/media\/10306"}],"wp:attachment":[{"href":"https:\/\/mlg.co.mz\/index.php\/wp-json\/wp\/v2\/media?parent=10323"}],"wp:term":[{"taxonomy":"product_brand","embeddable":true,"href":"https:\/\/mlg.co.mz\/index.php\/wp-json\/wp\/v2\/product_brand?post=10323"},{"taxonomy":"product_cat","embeddable":true,"href":"https:\/\/mlg.co.mz\/index.php\/wp-json\/wp\/v2\/product_cat?post=10323"},{"taxonomy":"product_tag","embeddable":true,"href":"https:\/\/mlg.co.mz\/index.php\/wp-json\/wp\/v2\/product_tag?post=10323"}],"curies":[{"name":"wp","href":"https:\/\/api.w.org\/{rel}","templated":true}]}}