{"id":10324,"date":"2025-11-29T19:15:43","date_gmt":"2025-11-29T19:15:43","guid":{"rendered":"https:\/\/mlg.co.mz\/?post_type=product&#038;p=10324"},"modified":"2025-11-29T19:16:00","modified_gmt":"2025-11-29T19:16:00","slug":"bolsa-crossbody-masculina-moyyi-3558-pu-premium","status":"publish","type":"product","link":"https:\/\/mlg.co.mz\/index.php\/product\/bolsa-crossbody-masculina-moyyi-3558-pu-premium\/","title":{"rendered":"Bolsa Crossbody Masculina MOYYI 3558 \u2013 PU Premium"},"content":{"rendered":"<h2 data-start=\"79\" data-end=\"135\"><strong data-start=\"82\" data-end=\"135\">Bolsa Crossbody Masculina MOYYI 3558 \u2013 PU Premium<\/strong><\/h2>\n<ul>\n<li data-start=\"139\" data-end=\"175\"><strong data-start=\"139\" data-end=\"152\">Material:<\/strong> PU (couro sint\u00e9tico)<\/li>\n<li data-start=\"178\" data-end=\"213\"><strong data-start=\"178\" data-end=\"189\">Estilo:<\/strong> Fashion \/ Minimalista<\/li>\n<li data-start=\"216\" data-end=\"268\"><strong data-start=\"216\" data-end=\"236\">Caracter\u00edsticas:<\/strong> Leve, dur\u00e1vel, \u00e0 prova d\u2019\u00e1gua<\/li>\n<li data-start=\"271\" data-end=\"345\"><strong data-start=\"271\" data-end=\"279\">Uso:<\/strong> Dia a dia, viagens, caminhadas, camping, atividades ao ar livre<\/li>\n<li data-start=\"348\" data-end=\"381\"><strong data-start=\"348\" data-end=\"362\">Aplica\u00e7\u00e3o:<\/strong> Casual e outdoor<\/li>\n<li data-start=\"384\" data-end=\"410\"><strong data-start=\"384\" data-end=\"396\">Estampa:<\/strong> Sem estampa<\/li>\n<li data-start=\"413\" data-end=\"437\"><strong data-start=\"413\" data-end=\"427\">Decora\u00e7\u00e3o:<\/strong> Nenhuma<\/li>\n<li data-start=\"440\" data-end=\"472\"><strong data-start=\"440\" data-end=\"452\">Esta\u00e7\u00e3o:<\/strong> Todas as esta\u00e7\u00f5es<\/li>\n<\/ul>\n<h3 data-start=\"474\" data-end=\"496\"><strong data-start=\"478\" data-end=\"496\">Especifica\u00e7\u00f5es<\/strong><\/h3>\n<ul>\n<li data-start=\"499\" data-end=\"533\"><strong data-start=\"499\" data-end=\"511\">Tamanho:<\/strong> 7,5 \u00d7 6,5 \u00d7 15,5 cm<\/li>\n<li data-start=\"536\" data-end=\"556\"><strong data-start=\"536\" data-end=\"545\">Peso:<\/strong> ~0,25 kg<\/li>\n<li data-start=\"559\" data-end=\"577\"><strong data-start=\"559\" data-end=\"570\">Modelo:<\/strong> 3558<\/li>\n<li data-start=\"580\" data-end=\"598\"><strong data-start=\"580\" data-end=\"590\">Marca:<\/strong> MOYYI<\/li>\n<li data-start=\"601\" data-end=\"631\"><strong data-start=\"601\" data-end=\"612\">Origem:<\/strong> Guangdong, China<\/li>\n<li data-start=\"634\" data-end=\"682\"><strong data-start=\"634\" data-end=\"654\">Nome do Produto:<\/strong> Bolsa crossbody masculina<\/li>\n<\/ul>\n","protected":false},"excerpt":{"rendered":"<p>Bolsa Crossbody Masculina MOYYI 3558 \u2013 PU Premium Material: PU (couro sint\u00e9tico) Estilo: Fashion \/ Minimalista Caracter\u00edsticas: Leve, dur\u00e1vel, \u00e0 prova d\u2019\u00e1gua Uso: Dia a dia, viagens, caminhadas, camping, atividades ao ar livre Aplica\u00e7\u00e3o: Casual e outdoor Estampa: Sem estampa Decora\u00e7\u00e3o: Nenhuma Esta\u00e7\u00e3o: Todas as esta\u00e7\u00f5es Especifica\u00e7\u00f5es Tamanho: 7,5 \u00d7 6,5 \u00d7 15,5 cm Peso: [&hellip;]<\/p>\n","protected":false},"featured_media":10303,"comment_status":"open","ping_status":"closed","template":"","meta":[],"product_brand":[],"product_cat":[229],"product_tag":[],"class_list":{"0":"post-10324","1":"product","2":"type-product","3":"status-publish","4":"has-post-thumbnail","6":"product_cat-cat-bags","8":"first","9":"instock","10":"shipping-taxable","11":"purchasable","12":"product-type-simple"},"_links":{"self":[{"href":"https:\/\/mlg.co.mz\/index.php\/wp-json\/wp\/v2\/product\/10324","targetHints":{"allow":["GET"]}}],"collection":[{"href":"https:\/\/mlg.co.mz\/index.php\/wp-json\/wp\/v2\/product"}],"about":[{"href":"https:\/\/mlg.co.mz\/index.php\/wp-json\/wp\/v2\/types\/product"}],"replies":[{"embeddable":true,"href":"https:\/\/mlg.co.mz\/index.php\/wp-json\/wp\/v2\/comments?post=10324"}],"wp:featuredmedia":[{"embeddable":true,"href":"https:\/\/mlg.co.mz\/index.php\/wp-json\/wp\/v2\/media\/10303"}],"wp:attachment":[{"href":"https:\/\/mlg.co.mz\/index.php\/wp-json\/wp\/v2\/media?parent=10324"}],"wp:term":[{"taxonomy":"product_brand","embeddable":true,"href":"https:\/\/mlg.co.mz\/index.php\/wp-json\/wp\/v2\/product_brand?post=10324"},{"taxonomy":"product_cat","embeddable":true,"href":"https:\/\/mlg.co.mz\/index.php\/wp-json\/wp\/v2\/product_cat?post=10324"},{"taxonomy":"product_tag","embeddable":true,"href":"https:\/\/mlg.co.mz\/index.php\/wp-json\/wp\/v2\/product_tag?post=10324"}],"curies":[{"name":"wp","href":"https:\/\/api.w.org\/{rel}","templated":true}]}}