{"id":10325,"date":"2025-11-29T19:20:31","date_gmt":"2025-11-29T19:20:31","guid":{"rendered":"https:\/\/mlg.co.mz\/?post_type=product&#038;p=10325"},"modified":"2025-11-29T19:20:31","modified_gmt":"2025-11-29T19:20:31","slug":"bolsa-de-cintura-urbana-mate-elan-8031","status":"publish","type":"product","link":"https:\/\/mlg.co.mz\/index.php\/product\/bolsa-de-cintura-urbana-mate-elan-8031\/","title":{"rendered":"Bolsa de Cintura Urbana Mate Elan 8031"},"content":{"rendered":"<h2 data-start=\"79\" data-end=\"138\"><strong data-start=\"82\" data-end=\"138\">Bolsa de Cintura Urbana Mate Elan 8031 \u2013 Imperme\u00e1vel<\/strong><\/h2>\n<ul>\n<li><strong data-start=\"142\" data-end=\"155\">Material:<\/strong> PVC<\/li>\n<li><strong data-start=\"164\" data-end=\"184\">Caracter\u00edsticas:<\/strong> \u00c0 prova de \u00e1gua, leve, compacta<\/li>\n<li><strong data-start=\"221\" data-end=\"235\">Aplica\u00e7\u00e3o:<\/strong> Exterior, caminhada, corrida, ciclismo, yoga, fitness, camping, uso di\u00e1rio<\/li>\n<li><strong data-start=\"315\" data-end=\"326\">Estilo:<\/strong> Urbano<\/li>\n<li><strong data-start=\"338\" data-end=\"350\">Formato:<\/strong> Tipo travesseiro<\/li>\n<li><strong data-start=\"372\" data-end=\"383\">G\u00e9nero:<\/strong> Unissex<\/li>\n<li><strong data-start=\"396\" data-end=\"406\">Fecho:<\/strong> Z\u00edper<\/li>\n<li><strong data-start=\"417\" data-end=\"429\">Estampa:<\/strong> Personaliz\u00e1vel<\/li>\n<li><strong data-start=\"449\" data-end=\"463\">Decora\u00e7\u00e3o:<\/strong> Nenhuma<\/li>\n<\/ul>\n<h3 data-start=\"475\" data-end=\"497\"><strong data-start=\"479\" data-end=\"497\">Especifica\u00e7\u00f5es<\/strong><\/h3>\n<ul>\n<li data-start=\"500\" data-end=\"529\"><strong data-start=\"500\" data-end=\"512\">Tamanho:<\/strong> 27 \u00d7 8 \u00d7 13 cm<\/li>\n<li data-start=\"532\" data-end=\"551\"><strong data-start=\"532\" data-end=\"541\">Peso:<\/strong> 0.45 kg<\/li>\n<li data-start=\"554\" data-end=\"572\"><strong data-start=\"554\" data-end=\"565\">Modelo:<\/strong> 8031<\/li>\n<li data-start=\"575\" data-end=\"597\"><strong data-start=\"575\" data-end=\"585\">Marca:<\/strong> Mate Elan<\/li>\n<li data-start=\"600\" data-end=\"617\"><strong data-start=\"600\" data-end=\"611\">Origem:<\/strong> GUA<\/li>\n<li data-start=\"620\" data-end=\"666\"><strong data-start=\"620\" data-end=\"640\">Nome do Produto:<\/strong> Bolsa de cintura urbana<\/li>\n<\/ul>\n<h3 data-start=\"701\" data-end=\"721\"><strong data-start=\"705\" data-end=\"721\">Fun\u00e7\u00e3o \/ Uso<\/strong><\/h3>\n<ul>\n<li data-start=\"724\" data-end=\"813\">Pochete ideal para: corrida, caminhada, ciclismo, fitness, viagens e atividades outdoo<\/li>\n<\/ul>\n","protected":false},"excerpt":{"rendered":"<p>Bolsa de Cintura Urbana Mate Elan 8031 \u2013 Imperme\u00e1vel Material: PVC Caracter\u00edsticas: \u00c0 prova de \u00e1gua, leve, compacta Aplica\u00e7\u00e3o: Exterior, caminhada, corrida, ciclismo, yoga, fitness, camping, uso di\u00e1rio Estilo: Urbano Formato: Tipo travesseiro G\u00e9nero: Unissex Fecho: Z\u00edper Estampa: Personaliz\u00e1vel Decora\u00e7\u00e3o: Nenhuma Especifica\u00e7\u00f5es Tamanho: 27 \u00d7 8 \u00d7 13 cm Peso: 0.45 kg Modelo: 8031 Marca: [&hellip;]<\/p>\n","protected":false},"featured_media":10309,"comment_status":"open","ping_status":"closed","template":"","meta":[],"product_brand":[],"product_cat":[229],"product_tag":[],"class_list":{"0":"post-10325","1":"product","2":"type-product","3":"status-publish","4":"has-post-thumbnail","6":"product_cat-cat-bags","8":"first","9":"instock","10":"shipping-taxable","11":"purchasable","12":"product-type-simple"},"_links":{"self":[{"href":"https:\/\/mlg.co.mz\/index.php\/wp-json\/wp\/v2\/product\/10325","targetHints":{"allow":["GET"]}}],"collection":[{"href":"https:\/\/mlg.co.mz\/index.php\/wp-json\/wp\/v2\/product"}],"about":[{"href":"https:\/\/mlg.co.mz\/index.php\/wp-json\/wp\/v2\/types\/product"}],"replies":[{"embeddable":true,"href":"https:\/\/mlg.co.mz\/index.php\/wp-json\/wp\/v2\/comments?post=10325"}],"wp:featuredmedia":[{"embeddable":true,"href":"https:\/\/mlg.co.mz\/index.php\/wp-json\/wp\/v2\/media\/10309"}],"wp:attachment":[{"href":"https:\/\/mlg.co.mz\/index.php\/wp-json\/wp\/v2\/media?parent=10325"}],"wp:term":[{"taxonomy":"product_brand","embeddable":true,"href":"https:\/\/mlg.co.mz\/index.php\/wp-json\/wp\/v2\/product_brand?post=10325"},{"taxonomy":"product_cat","embeddable":true,"href":"https:\/\/mlg.co.mz\/index.php\/wp-json\/wp\/v2\/product_cat?post=10325"},{"taxonomy":"product_tag","embeddable":true,"href":"https:\/\/mlg.co.mz\/index.php\/wp-json\/wp\/v2\/product_tag?post=10325"}],"curies":[{"name":"wp","href":"https:\/\/api.w.org\/{rel}","templated":true}]}}