{"id":10327,"date":"2025-11-29T20:15:28","date_gmt":"2025-11-29T20:15:28","guid":{"rendered":"https:\/\/mlg.co.mz\/?post_type=product&#038;p=10327"},"modified":"2025-11-29T20:15:28","modified_gmt":"2025-11-29T20:15:28","slug":"capa-executiva-em-couro-pu-para-iphone","status":"publish","type":"product","link":"https:\/\/mlg.co.mz\/index.php\/product\/capa-executiva-em-couro-pu-para-iphone\/","title":{"rendered":"Capa Executiva em Couro PU para iPhone"},"content":{"rendered":"<h2 data-start=\"79\" data-end=\"133\"><strong data-start=\"82\" data-end=\"133\">Capa Executiva em Couro PU para iPhone \u2013 MMT-05<\/strong><\/h2>\n<ul>\n<li data-start=\"137\" data-end=\"178\"><strong data-start=\"137\" data-end=\"150\">Material:<\/strong> Couro PU + TPU macio + PC<\/li>\n<li data-start=\"181\" data-end=\"215\"><strong data-start=\"181\" data-end=\"192\">Estilo:<\/strong> Executivo \/ Neg\u00f3cios<\/li>\n<li data-start=\"218\" data-end=\"265\"><strong data-start=\"218\" data-end=\"229\">Design:<\/strong> Ultrafina com moldura galvanizada<\/li>\n<li data-start=\"268\" data-end=\"282\"><strong data-start=\"268\" data-end=\"280\">Fun\u00e7\u00f5es:<\/strong><\/li>\n<\/ul>\n<ol>\n<li style=\"text-align: left;\">\u00c0 prova de choque<\/li>\n<li style=\"text-align: left;\">Prote\u00e7\u00e3o completa<\/li>\n<li style=\"text-align: left;\">Prote\u00e7\u00e3o anti-queda<\/li>\n<\/ol>\n<ul>\n<li data-start=\"359\" data-end=\"431\"><strong data-start=\"359\" data-end=\"379\">Compatibilidade:<\/strong> iPhone 13 \/ 14 \/ 15 \/ 16 \/ 17 (incluindo Pro Max)<\/li>\n<li data-start=\"434\" data-end=\"470\"><strong data-start=\"434\" data-end=\"443\">Tipo:<\/strong> Capa para telefone m\u00f3vel<\/li>\n<li data-start=\"473\" data-end=\"506\"><strong data-start=\"473\" data-end=\"485\">Suporte:<\/strong> N\u00e3o possui suporte<\/li>\n<\/ul>\n<h3 data-start=\"508\" data-end=\"534\"><strong data-start=\"512\" data-end=\"534\">Informa\u00e7\u00f5es Gerais<\/strong><\/h3>\n<ul>\n<li data-start=\"537\" data-end=\"557\"><strong data-start=\"537\" data-end=\"548\">Modelo:<\/strong> MMT-05<\/li>\n<li data-start=\"560\" data-end=\"580\"><strong data-start=\"560\" data-end=\"570\">Marca:<\/strong> Neutral<\/li>\n<li data-start=\"583\" data-end=\"613\"><strong data-start=\"583\" data-end=\"594\">Origem:<\/strong> Guangdong, China<\/li>\n<li data-start=\"616\" data-end=\"678\"><strong data-start=\"616\" data-end=\"636\">Nome do Produto:<\/strong> Capa de celular de couro PU galvanizada<\/li>\n<\/ul>\n","protected":false},"excerpt":{"rendered":"<p>Capa Executiva em Couro PU para iPhone \u2013 MMT-05 Material: Couro PU + TPU macio + PC Estilo: Executivo \/ Neg\u00f3cios Design: Ultrafina com moldura galvanizada Fun\u00e7\u00f5es: \u00c0 prova de choque Prote\u00e7\u00e3o completa Prote\u00e7\u00e3o anti-queda Compatibilidade: iPhone 13 \/ 14 \/ 15 \/ 16 \/ 17 (incluindo Pro Max) Tipo: Capa para telefone m\u00f3vel Suporte: [&hellip;]<\/p>\n","protected":false},"featured_media":10328,"comment_status":"open","ping_status":"closed","template":"","meta":[],"product_brand":[],"product_cat":[278],"product_tag":[],"class_list":{"0":"post-10327","1":"product","2":"type-product","3":"status-publish","4":"has-post-thumbnail","6":"product_cat-mobile-cases","8":"first","9":"instock","10":"shipping-taxable","11":"purchasable","12":"product-type-simple"},"_links":{"self":[{"href":"https:\/\/mlg.co.mz\/index.php\/wp-json\/wp\/v2\/product\/10327","targetHints":{"allow":["GET"]}}],"collection":[{"href":"https:\/\/mlg.co.mz\/index.php\/wp-json\/wp\/v2\/product"}],"about":[{"href":"https:\/\/mlg.co.mz\/index.php\/wp-json\/wp\/v2\/types\/product"}],"replies":[{"embeddable":true,"href":"https:\/\/mlg.co.mz\/index.php\/wp-json\/wp\/v2\/comments?post=10327"}],"wp:featuredmedia":[{"embeddable":true,"href":"https:\/\/mlg.co.mz\/index.php\/wp-json\/wp\/v2\/media\/10328"}],"wp:attachment":[{"href":"https:\/\/mlg.co.mz\/index.php\/wp-json\/wp\/v2\/media?parent=10327"}],"wp:term":[{"taxonomy":"product_brand","embeddable":true,"href":"https:\/\/mlg.co.mz\/index.php\/wp-json\/wp\/v2\/product_brand?post=10327"},{"taxonomy":"product_cat","embeddable":true,"href":"https:\/\/mlg.co.mz\/index.php\/wp-json\/wp\/v2\/product_cat?post=10327"},{"taxonomy":"product_tag","embeddable":true,"href":"https:\/\/mlg.co.mz\/index.php\/wp-json\/wp\/v2\/product_tag?post=10327"}],"curies":[{"name":"wp","href":"https:\/\/api.w.org\/{rel}","templated":true}]}}