{"id":10349,"date":"2025-11-29T20:23:42","date_gmt":"2025-11-29T20:23:42","guid":{"rendered":"https:\/\/mlg.co.mz\/?post_type=product&#038;p=10349"},"modified":"2025-11-29T20:23:43","modified_gmt":"2025-11-29T20:23:43","slug":"capa-magnetica-de-fibra-de-carbono-fosca","status":"publish","type":"product","link":"https:\/\/mlg.co.mz\/index.php\/product\/capa-magnetica-de-fibra-de-carbono-fosca\/","title":{"rendered":"Capa Magn\u00e9tica de Fibra de Carbono Fosca"},"content":{"rendered":"<h2 data-start=\"79\" data-end=\"154\"><strong data-start=\"82\" data-end=\"154\">Capa Magn\u00e9tica de Fibra de Carbono Fosca \u2013 SC-11 (Para Google Pixel)<\/strong><\/h2>\n<ul>\n<li data-start=\"158\" data-end=\"228\"><strong data-start=\"158\" data-end=\"177\">Compat\u00edvel com:<\/strong> Google Pixel 7 \/ 8 Pro \/ 9 Pro \/ 10 Pro \/ Pro XL<\/li>\n<li data-start=\"231\" data-end=\"274\"><strong data-start=\"231\" data-end=\"244\">Material:<\/strong> Fibra de carbono fosca + PC<\/li>\n<li data-start=\"277\" data-end=\"306\"><strong data-start=\"277\" data-end=\"288\">Estilo:<\/strong> Luxo \/ Business<\/li>\n<li data-start=\"309\" data-end=\"359\"><strong data-start=\"309\" data-end=\"328\">Caracter\u00edstica:<\/strong> Magn\u00e9tica, \u00e0 prova de choque<\/li>\n<li data-start=\"362\" data-end=\"393\"><strong data-start=\"362\" data-end=\"371\">Tipo:<\/strong> Capa r\u00edgida premium<\/li>\n<li data-start=\"396\" data-end=\"435\"><strong data-start=\"396\" data-end=\"408\">Suporte:<\/strong> Anel magn\u00e9tico integrado<\/li>\n<li data-start=\"438\" data-end=\"479\"><strong data-start=\"438\" data-end=\"453\">Artesanato:<\/strong> Sem acabamento especial<\/li>\n<\/ul>\n<h3 data-start=\"481\" data-end=\"507\"><strong data-start=\"485\" data-end=\"507\">Informa\u00e7\u00f5es Gerais<\/strong><\/h3>\n<ul>\n<li data-start=\"510\" data-end=\"529\"><strong data-start=\"510\" data-end=\"521\">Modelo:<\/strong> SC-11<\/li>\n<li data-start=\"532\" data-end=\"552\"><strong data-start=\"532\" data-end=\"542\">Marca:<\/strong> Neutral<\/li>\n<li data-start=\"555\" data-end=\"578\"><strong data-start=\"555\" data-end=\"566\">Origem:<\/strong> Guangdong<\/li>\n<li data-start=\"581\" data-end=\"656\"><strong data-start=\"581\" data-end=\"601\">Nome do Produto:<\/strong> Capa magn\u00e9tica com textura de fibra de carbono fosca<\/li>\n<li data-start=\"659\" data-end=\"703\"><strong data-start=\"659\" data-end=\"670\">Fun\u00e7\u00e3o:<\/strong> Prote\u00e7\u00e3o completa e anti-queda<\/li>\n<\/ul>\n","protected":false},"excerpt":{"rendered":"<p>Capa Magn\u00e9tica de Fibra de Carbono Fosca \u2013 SC-11 (Para Google Pixel) Compat\u00edvel com: Google Pixel 7 \/ 8 Pro \/ 9 Pro \/ 10 Pro \/ Pro XL Material: Fibra de carbono fosca + PC Estilo: Luxo \/ Business Caracter\u00edstica: Magn\u00e9tica, \u00e0 prova de choque Tipo: Capa r\u00edgida premium Suporte: Anel magn\u00e9tico integrado Artesanato: [&hellip;]<\/p>\n","protected":false},"featured_media":10341,"comment_status":"open","ping_status":"closed","template":"","meta":[],"product_brand":[],"product_cat":[278],"product_tag":[],"class_list":{"0":"post-10349","1":"product","2":"type-product","3":"status-publish","4":"has-post-thumbnail","6":"product_cat-mobile-cases","8":"first","9":"instock","10":"shipping-taxable","11":"purchasable","12":"product-type-simple"},"_links":{"self":[{"href":"https:\/\/mlg.co.mz\/index.php\/wp-json\/wp\/v2\/product\/10349","targetHints":{"allow":["GET"]}}],"collection":[{"href":"https:\/\/mlg.co.mz\/index.php\/wp-json\/wp\/v2\/product"}],"about":[{"href":"https:\/\/mlg.co.mz\/index.php\/wp-json\/wp\/v2\/types\/product"}],"replies":[{"embeddable":true,"href":"https:\/\/mlg.co.mz\/index.php\/wp-json\/wp\/v2\/comments?post=10349"}],"wp:featuredmedia":[{"embeddable":true,"href":"https:\/\/mlg.co.mz\/index.php\/wp-json\/wp\/v2\/media\/10341"}],"wp:attachment":[{"href":"https:\/\/mlg.co.mz\/index.php\/wp-json\/wp\/v2\/media?parent=10349"}],"wp:term":[{"taxonomy":"product_brand","embeddable":true,"href":"https:\/\/mlg.co.mz\/index.php\/wp-json\/wp\/v2\/product_brand?post=10349"},{"taxonomy":"product_cat","embeddable":true,"href":"https:\/\/mlg.co.mz\/index.php\/wp-json\/wp\/v2\/product_cat?post=10349"},{"taxonomy":"product_tag","embeddable":true,"href":"https:\/\/mlg.co.mz\/index.php\/wp-json\/wp\/v2\/product_tag?post=10349"}],"curies":[{"name":"wp","href":"https:\/\/api.w.org\/{rel}","templated":true}]}}