{"id":10350,"date":"2025-11-29T20:28:22","date_gmt":"2025-11-29T20:28:22","guid":{"rendered":"https:\/\/mlg.co.mz\/?post_type=product&#038;p=10350"},"modified":"2025-11-29T20:28:22","modified_gmt":"2025-11-29T20:28:22","slug":"capa-magnetica-de-couro-fibra-fashion","status":"publish","type":"product","link":"https:\/\/mlg.co.mz\/index.php\/product\/capa-magnetica-de-couro-fibra-fashion\/","title":{"rendered":"Capa Magn\u00e9tica de Couro Fibra Fashion"},"content":{"rendered":"<h2 data-start=\"79\" data-end=\"174\"><strong data-start=\"82\" data-end=\"174\">Capa Magn\u00e9tica de Couro Fibra Fashion \u2013 SP-25 (Para iPhone 14\/15\/16\/17 Pro Max\/Plus\/Air)<\/strong><\/h2>\n<ul>\n<li data-start=\"178\" data-end=\"213\"><strong data-start=\"178\" data-end=\"191\">Material:<\/strong> PC + fibra de couro<\/li>\n<li data-start=\"216\" data-end=\"244\"><strong data-start=\"216\" data-end=\"227\">Estilo:<\/strong> Luxo \/ Fashion<\/li>\n<li data-start=\"247\" data-end=\"269\"><strong data-start=\"247\" data-end=\"267\">Caracter\u00edsticas:<\/strong><\/li>\n<\/ul>\n<ol>\n<li data-start=\"274\" data-end=\"323\">Magn\u00e9tica (compat\u00edvel com carregamento sem fio)<\/li>\n<li data-start=\"328\" data-end=\"347\">\u00c0 prova de choque<\/li>\n<li data-start=\"352\" data-end=\"384\">Prote\u00e7\u00e3o completa e anti-queda<\/li>\n<\/ol>\n<ul>\n<li data-start=\"387\" data-end=\"466\"><strong data-start=\"387\" data-end=\"407\">Compatibilidade:<\/strong> iPhone 14 \/ 15 \/ 16 \/ 17 (incluindo Pro Max, Plus e Air)<\/li>\n<li data-start=\"469\" data-end=\"500\"><strong data-start=\"469\" data-end=\"478\">Tipo:<\/strong> Capa r\u00edgida premium<\/li>\n<li data-start=\"503\" data-end=\"542\"><strong data-start=\"503\" data-end=\"515\">Suporte:<\/strong> Anel magn\u00e9tico integrado<\/li>\n<li data-start=\"545\" data-end=\"586\"><strong data-start=\"545\" data-end=\"560\">Artesanato:<\/strong> Sem acabamento especial<\/li>\n<\/ul>\n<h3 data-start=\"588\" data-end=\"614\"><strong data-start=\"592\" data-end=\"614\">Informa\u00e7\u00f5es Gerais<\/strong><\/h3>\n<ul>\n<li data-start=\"617\" data-end=\"636\"><strong data-start=\"617\" data-end=\"628\">Modelo:<\/strong> SP-25<\/li>\n<li data-start=\"639\" data-end=\"659\"><strong data-start=\"639\" data-end=\"649\">Marca:<\/strong> Neutral<\/li>\n<\/ul>\n","protected":false},"excerpt":{"rendered":"<p>Capa Magn\u00e9tica de Couro Fibra Fashion \u2013 SP-25 (Para iPhone 14\/15\/16\/17 Pro Max\/Plus\/Air) Material: PC + fibra de couro Estilo: Luxo \/ Fashion Caracter\u00edsticas: Magn\u00e9tica (compat\u00edvel com carregamento sem fio) \u00c0 prova de choque Prote\u00e7\u00e3o completa e anti-queda Compatibilidade: iPhone 14 \/ 15 \/ 16 \/ 17 (incluindo Pro Max, Plus e Air) Tipo: Capa [&hellip;]<\/p>\n","protected":false},"featured_media":10335,"comment_status":"open","ping_status":"closed","template":"","meta":[],"product_brand":[],"product_cat":[278],"product_tag":[],"class_list":{"0":"post-10350","1":"product","2":"type-product","3":"status-publish","4":"has-post-thumbnail","6":"product_cat-mobile-cases","8":"first","9":"instock","10":"shipping-taxable","11":"purchasable","12":"product-type-simple"},"_links":{"self":[{"href":"https:\/\/mlg.co.mz\/index.php\/wp-json\/wp\/v2\/product\/10350","targetHints":{"allow":["GET"]}}],"collection":[{"href":"https:\/\/mlg.co.mz\/index.php\/wp-json\/wp\/v2\/product"}],"about":[{"href":"https:\/\/mlg.co.mz\/index.php\/wp-json\/wp\/v2\/types\/product"}],"replies":[{"embeddable":true,"href":"https:\/\/mlg.co.mz\/index.php\/wp-json\/wp\/v2\/comments?post=10350"}],"wp:featuredmedia":[{"embeddable":true,"href":"https:\/\/mlg.co.mz\/index.php\/wp-json\/wp\/v2\/media\/10335"}],"wp:attachment":[{"href":"https:\/\/mlg.co.mz\/index.php\/wp-json\/wp\/v2\/media?parent=10350"}],"wp:term":[{"taxonomy":"product_brand","embeddable":true,"href":"https:\/\/mlg.co.mz\/index.php\/wp-json\/wp\/v2\/product_brand?post=10350"},{"taxonomy":"product_cat","embeddable":true,"href":"https:\/\/mlg.co.mz\/index.php\/wp-json\/wp\/v2\/product_cat?post=10350"},{"taxonomy":"product_tag","embeddable":true,"href":"https:\/\/mlg.co.mz\/index.php\/wp-json\/wp\/v2\/product_tag?post=10350"}],"curies":[{"name":"wp","href":"https:\/\/api.w.org\/{rel}","templated":true}]}}