{"id":10351,"date":"2025-11-29T20:32:43","date_gmt":"2025-11-29T20:32:43","guid":{"rendered":"https:\/\/mlg.co.mz\/?post_type=product&#038;p=10351"},"modified":"2025-11-29T20:32:43","modified_gmt":"2025-11-29T20:32:43","slug":"capa-de-telefone-santa-barbara","status":"publish","type":"product","link":"https:\/\/mlg.co.mz\/index.php\/product\/capa-de-telefone-santa-barbara\/","title":{"rendered":"Capa de Telefone Santa Barbara"},"content":{"rendered":"<h2 data-start=\"79\" data-end=\"135\"><strong data-start=\"82\" data-end=\"135\">Capa de Telefone Santa Barbara \u2013 AOERMEI ARM-4057<\/strong><\/h2>\n<ul>\n<li data-start=\"139\" data-end=\"163\"><strong data-start=\"139\" data-end=\"152\">Material:<\/strong> TPU + PC<\/li>\n<li data-start=\"166\" data-end=\"184\"><strong data-start=\"166\" data-end=\"177\">Estilo:<\/strong> Moda<\/li>\n<li data-start=\"187\" data-end=\"203\"><strong data-start=\"187\" data-end=\"198\">Design:<\/strong> 3D<\/li>\n<li data-start=\"206\" data-end=\"246\"><strong data-start=\"206\" data-end=\"226\">Caracter\u00edsticas:<\/strong> \u00c0 prova de choque<\/li>\n<li data-start=\"249\" data-end=\"291\"><strong data-start=\"249\" data-end=\"260\">Fun\u00e7\u00e3o:<\/strong> Prote\u00e7\u00e3o completa do celular<\/li>\n<li data-start=\"294\" data-end=\"322\"><strong data-start=\"294\" data-end=\"313\">Compat\u00edvel com:<\/strong> iPhone<\/li>\n<li data-start=\"325\" data-end=\"360\"><strong data-start=\"325\" data-end=\"334\">Tipo:<\/strong> Capa de telefone r\u00edgida<\/li>\n<li data-start=\"363\" data-end=\"404\"><strong data-start=\"363\" data-end=\"378\">Artesanato:<\/strong> Sem acabamento especial<\/li>\n<\/ul>\n<h3 data-start=\"406\" data-end=\"432\"><strong data-start=\"410\" data-end=\"432\">Informa\u00e7\u00f5es Gerais<\/strong><\/h3>\n<ul>\n<li data-start=\"435\" data-end=\"457\"><strong data-start=\"435\" data-end=\"446\">Modelo:<\/strong> ARM-4057<\/li>\n<li data-start=\"460\" data-end=\"480\"><strong data-start=\"460\" data-end=\"470\">Marca:<\/strong> AOERMEI<\/li>\n<li data-start=\"483\" data-end=\"513\"><strong data-start=\"483\" data-end=\"494\">Origem:<\/strong> Guangdong, China<\/li>\n<\/ul>\n","protected":false},"excerpt":{"rendered":"<p>Capa de Telefone Santa Barbara \u2013 AOERMEI ARM-4057 Material: TPU + PC Estilo: Moda Design: 3D Caracter\u00edsticas: \u00c0 prova de choque Fun\u00e7\u00e3o: Prote\u00e7\u00e3o completa do celular Compat\u00edvel com: iPhone Tipo: Capa de telefone r\u00edgida Artesanato: Sem acabamento especial Informa\u00e7\u00f5es Gerais Modelo: ARM-4057 Marca: AOERMEI Origem: Guangdong, China<\/p>\n","protected":false},"featured_media":10331,"comment_status":"open","ping_status":"closed","template":"","meta":[],"product_brand":[],"product_cat":[278],"product_tag":[],"class_list":{"0":"post-10351","1":"product","2":"type-product","3":"status-publish","4":"has-post-thumbnail","6":"product_cat-mobile-cases","8":"first","9":"instock","10":"shipping-taxable","11":"purchasable","12":"product-type-simple"},"_links":{"self":[{"href":"https:\/\/mlg.co.mz\/index.php\/wp-json\/wp\/v2\/product\/10351","targetHints":{"allow":["GET"]}}],"collection":[{"href":"https:\/\/mlg.co.mz\/index.php\/wp-json\/wp\/v2\/product"}],"about":[{"href":"https:\/\/mlg.co.mz\/index.php\/wp-json\/wp\/v2\/types\/product"}],"replies":[{"embeddable":true,"href":"https:\/\/mlg.co.mz\/index.php\/wp-json\/wp\/v2\/comments?post=10351"}],"wp:featuredmedia":[{"embeddable":true,"href":"https:\/\/mlg.co.mz\/index.php\/wp-json\/wp\/v2\/media\/10331"}],"wp:attachment":[{"href":"https:\/\/mlg.co.mz\/index.php\/wp-json\/wp\/v2\/media?parent=10351"}],"wp:term":[{"taxonomy":"product_brand","embeddable":true,"href":"https:\/\/mlg.co.mz\/index.php\/wp-json\/wp\/v2\/product_brand?post=10351"},{"taxonomy":"product_cat","embeddable":true,"href":"https:\/\/mlg.co.mz\/index.php\/wp-json\/wp\/v2\/product_cat?post=10351"},{"taxonomy":"product_tag","embeddable":true,"href":"https:\/\/mlg.co.mz\/index.php\/wp-json\/wp\/v2\/product_tag?post=10351"}],"curies":[{"name":"wp","href":"https:\/\/api.w.org\/{rel}","templated":true}]}}