{"id":10352,"date":"2025-11-29T20:40:59","date_gmt":"2025-11-29T20:40:59","guid":{"rendered":"https:\/\/mlg.co.mz\/?post_type=product&#038;p=10352"},"modified":"2025-12-10T16:07:47","modified_gmt":"2025-12-10T16:07:47","slug":"capa-carteira-magnetica-pu-tpu","status":"publish","type":"product","link":"https:\/\/mlg.co.mz\/index.php\/product\/capa-carteira-magnetica-pu-tpu\/","title":{"rendered":"Capa Carteira Magn\u00e9tica PU + TPU"},"content":{"rendered":"<h2 data-start=\"79\" data-end=\"153\"><strong data-start=\"82\" data-end=\"153\">Capa Carteira Magn\u00e9tica PU + TPU \u2013 Bida (Para iPhone 12\u201317 Pro Max)<\/strong><\/h2>\n<ul>\n<li data-start=\"157\" data-end=\"181\"><strong data-start=\"157\" data-end=\"170\">Material:<\/strong> PU + TPU<\/li>\n<li data-start=\"184\" data-end=\"218\"><strong data-start=\"184\" data-end=\"195\">Estilo:<\/strong> Executivo \/ Neg\u00f3cios<\/li>\n<li data-start=\"221\" data-end=\"243\"><strong data-start=\"221\" data-end=\"241\">Caracter\u00edsticas:<\/strong><\/li>\n<\/ul>\n<ol>\n<li data-start=\"248\" data-end=\"267\">\u00c0 prova de choque<\/li>\n<li data-start=\"272\" data-end=\"289\">Fun\u00e7\u00e3o carteira<\/li>\n<li data-start=\"294\" data-end=\"313\">Suporte de cart\u00e3o<\/li>\n<li data-start=\"318\" data-end=\"329\">Magn\u00e9tica<\/li>\n<li data-start=\"334\" data-end=\"358\">Anti-impress\u00e3o digital<\/li>\n<li data-start=\"363\" data-end=\"392\">Com porta-cart\u00f5es integrado<\/li>\n<\/ol>\n<ul>\n<li data-start=\"395\" data-end=\"472\"><strong data-start=\"395\" data-end=\"415\">Compatibilidade:<\/strong> iPhone 12 \/ 13 \/ 14 \/ 15 \/ 16 \/ 17 (incluindo Pro Max)<\/li>\n<li data-start=\"475\" data-end=\"512\"><strong data-start=\"475\" data-end=\"484\">Tipo:<\/strong> Capa de telefone carteira<\/li>\n<\/ul>\n<h3 data-start=\"514\" data-end=\"540\"><strong data-start=\"518\" data-end=\"540\">Informa\u00e7\u00f5es Gerais<\/strong><\/h3>\n<ul>\n<li data-start=\"543\" data-end=\"570\"><strong data-start=\"543\" data-end=\"554\">Modelo:<\/strong> MPC2025091904<\/li>\n<li data-start=\"573\" data-end=\"590\"><strong data-start=\"573\" data-end=\"583\">Marca:<\/strong> Bida<\/li>\n<li data-start=\"593\" data-end=\"623\"><strong data-start=\"593\" data-end=\"604\">Origem:<\/strong> Guangdong, China<\/li>\n<\/ul>\n","protected":false},"excerpt":{"rendered":"<p>Capa Carteira Magn\u00e9tica PU + TPU \u2013 Bida (Para iPhone 12\u201317 Pro Max) Material: PU + TPU Estilo: Executivo \/ Neg\u00f3cios Caracter\u00edsticas: \u00c0 prova de choque Fun\u00e7\u00e3o carteira Suporte de cart\u00e3o Magn\u00e9tica Anti-impress\u00e3o digital Com porta-cart\u00f5es integrado Compatibilidade: iPhone 12 \/ 13 \/ 14 \/ 15 \/ 16 \/ 17 (incluindo Pro Max) Tipo: Capa [&hellip;]<\/p>\n","protected":false},"featured_media":10439,"comment_status":"open","ping_status":"closed","template":"","meta":[],"product_brand":[],"product_cat":[274],"product_tag":[],"class_list":{"0":"post-10352","1":"product","2":"type-product","3":"status-publish","4":"has-post-thumbnail","6":"product_cat-magnetic-mobiles-cardholder-mobile-cases","8":"first","9":"instock","10":"shipping-taxable","11":"purchasable","12":"product-type-simple"},"_links":{"self":[{"href":"https:\/\/mlg.co.mz\/index.php\/wp-json\/wp\/v2\/product\/10352","targetHints":{"allow":["GET"]}}],"collection":[{"href":"https:\/\/mlg.co.mz\/index.php\/wp-json\/wp\/v2\/product"}],"about":[{"href":"https:\/\/mlg.co.mz\/index.php\/wp-json\/wp\/v2\/types\/product"}],"replies":[{"embeddable":true,"href":"https:\/\/mlg.co.mz\/index.php\/wp-json\/wp\/v2\/comments?post=10352"}],"wp:featuredmedia":[{"embeddable":true,"href":"https:\/\/mlg.co.mz\/index.php\/wp-json\/wp\/v2\/media\/10439"}],"wp:attachment":[{"href":"https:\/\/mlg.co.mz\/index.php\/wp-json\/wp\/v2\/media?parent=10352"}],"wp:term":[{"taxonomy":"product_brand","embeddable":true,"href":"https:\/\/mlg.co.mz\/index.php\/wp-json\/wp\/v2\/product_brand?post=10352"},{"taxonomy":"product_cat","embeddable":true,"href":"https:\/\/mlg.co.mz\/index.php\/wp-json\/wp\/v2\/product_cat?post=10352"},{"taxonomy":"product_tag","embeddable":true,"href":"https:\/\/mlg.co.mz\/index.php\/wp-json\/wp\/v2\/product_tag?post=10352"}],"curies":[{"name":"wp","href":"https:\/\/api.w.org\/{rel}","templated":true}]}}